{"id":50,"date":"2024-12-18T14:37:10","date_gmt":"2024-12-18T14:37:10","guid":{"rendered":"https:\/\/odj.cnv.mybluehost.me\/website_09237e93\/?page_id=50"},"modified":"2025-07-03T13:28:15","modified_gmt":"2025-07-03T13:28:15","slug":"american-brake","status":"publish","type":"page","link":"https:\/\/americanblack.com\/es\/american-brake\/","title":{"rendered":"American Brake"},"content":{"rendered":"<div class=\"wpb-content-wrapper\"><div class=\"container row_section main_section\"><div  class=\"vc_row wpb_row vc_row-fluid vc_custom_1734530399003 vc_column-gap-30 vc_row-1 animate-element wpb_animate_when_almost_visible wpb_animate_when_almost_visible wpb_bounceInDown bounceInDown\" data-animation-class=\"bounceInDown\"   style=' text-align:left; z-index:0;'><div class=\"row-container container-fluid\"><div class=\"row-inner\"><div class=\"abrake-banner wpb_column vc_column_container vc_col-sm-12 vc_column_container_2\" style=\"z-index:0\"><div class=\"vc_column-inner\" ><div class=\"wpb_wrapper\">\r\n\t<div  class=\"wpb_single_image wpb_single_image_3 wpb_content_element vc_align_center\">\r\n\t\t<div class=\"wpb_wrapper\">\r\n\t\t\t\r\n\t\t\t<div class=\"vc_single_image-wrapper   vc_box_border_grey\"><img loading=\"lazy\" decoding=\"async\" width=\"1920\" height=\"920\" src=\"https:\/\/americanblack.com\/wp-content\/uploads\/2025\/07\/American-Brake-Page-Main-Banner.jpg\" class=\"vc_single_image-img attachment-full\" alt=\"\" title=\"American Brake Page Main Banner\" srcset=\"https:\/\/americanblack.com\/wp-content\/uploads\/2025\/07\/American-Brake-Page-Main-Banner.jpg 1920w, https:\/\/americanblack.com\/wp-content\/uploads\/2025\/07\/American-Brake-Page-Main-Banner-300x144.jpg 300w, https:\/\/americanblack.com\/wp-content\/uploads\/2025\/07\/American-Brake-Page-Main-Banner-1024x491.jpg 1024w, https:\/\/americanblack.com\/wp-content\/uploads\/2025\/07\/American-Brake-Page-Main-Banner-768x368.jpg 768w, https:\/\/americanblack.com\/wp-content\/uploads\/2025\/07\/American-Brake-Page-Main-Banner-1536x736.jpg 1536w, https:\/\/americanblack.com\/wp-content\/uploads\/2025\/07\/American-Brake-Page-Main-Banner-18x9.jpg 18w\" sizes=\"auto, (max-width: 1920px) 100vw, 1920px\" \/><\/div>\r\n\t\t<\/div>\r\n\t<\/div>\r\n<\/div><\/div><\/div><\/div><\/div><\/div><\/div><div class=\"container row_section main_section\"><div  class=\"vc_row wpb_row vc_row-fluid vc_column-gap-30 vc_row-4 animate-element wpb_animate_when_almost_visible wpb_animate_when_almost_visible wpb_lightSpeedIn lightSpeedIn\" data-animation-class=\"lightSpeedIn\"   style=' text-align:left; z-index:0;'><div class=\"row-container container-fluid\"><div class=\"row-inner\"><div class=\"abrake-description wpb_column vc_column_container vc_col-sm-12 vc_column_container_5\" style=\"z-index:0\"><div class=\"vc_column-inner\" ><div class=\"wpb_wrapper\">\n\t<div class=\"wpb_text_column_6 wpb_text_column wpb_content_element  abrake-text vc_custom_1734530444642\">\n\t\t<div class=\"wpb_wrapper\" >\n\t\t\t<p style=\"text-align: center;\"><span style=\"font-size: 20px;\">American Brake es una l\u00ednea de productos donde la calidad y el precio van de la mano. Ofrecemos un producto fabricado bajo estrictos est\u00e1ndares de calidad y certificado internacionalmente, brind\u00e1ndote la calidad y seguridad que buscas en un producto sin tener que pagar una gran cantidad por ello.<\/span><\/p>\n<p style=\"text-align: center;\"><span style=\"font-size: 20px;\"><strong>Tecnolog\u00eda de Molde Positivo:<\/strong> Presi\u00f3n extrema para comprimir el material de fricci\u00f3n y unirlo a la placa de respaldo con la consistencia deseada.<\/span><\/p>\n<p style=\"text-align: center;\"><span style=\"font-size: 20px;\"><strong>Ranurada:<\/strong> Permite que el polvo y el gas salgan en el momento de la frenada.<\/span><\/p>\n<p style=\"text-align: center;\"><span style=\"font-size: 20px;\"><strong>Biselada:<\/strong> Para reducir ruidos y traqueteos.<\/span><\/p>\n<p style=\"text-align: center;\"><span style=\"font-size: 20px;\"><strong>Sensores el\u00e9ctricos y de desgaste:<\/strong> S\u00f3lo disponible para los modelos que los requieren.<\/span><\/p>\n<p style=\"text-align: center;\"><span style=\"font-size: 20px;\"><strong>Bajos niveles de ruido y polvo.<\/strong><\/span><\/p>\n<p style=\"text-align: center;\"><span style=\"font-size: 20px;\"><strong>Coeficiente de fricci\u00f3n FF<\/strong><\/span><\/p>\n\n\t\t<\/div> \n\t<\/div> <\/div><\/div><\/div><\/div><\/div><\/div><\/div><div class=\"container row_section main_section\"><div  class=\"vc_row wpb_row vc_row-fluid vc_column-gap-30 vc_row-7 animate-element wpb_animate_when_almost_visible wpb_animate_when_almost_visible wpb_slideInUp slideInUp\" data-animation-class=\"slideInUp\"   style=' text-align:left; z-index:0;'><div class=\"row-container container-fluid\"><div class=\"row-inner\"><div class=\"abrake-certifications wpb_column vc_column_container vc_col-sm-12 vc_column_container_8\" style=\"z-index:0\"><div class=\"vc_column-inner\" ><div class=\"wpb_wrapper\">\r\n\t<div  class=\"wpb_single_image wpb_single_image_9 wpb_content_element vc_align_center\">\r\n\t\t<div class=\"wpb_wrapper\">\r\n\t\t\t\r\n\t\t\t<div class=\"vc_single_image-wrapper   vc_box_border_grey\"><img loading=\"lazy\" decoding=\"async\" width=\"1920\" height=\"1250\" src=\"https:\/\/americanblack.com\/wp-content\/uploads\/2024\/12\/Certificaciones-brake.webp\" class=\"vc_single_image-img attachment-full\" alt=\"Description of the American Brake certifications\" title=\"American Brake Certifications\" srcset=\"https:\/\/americanblack.com\/wp-content\/uploads\/2024\/12\/Certificaciones-brake.webp 1920w, https:\/\/americanblack.com\/wp-content\/uploads\/2024\/12\/Certificaciones-brake-300x195.webp 300w, https:\/\/americanblack.com\/wp-content\/uploads\/2024\/12\/Certificaciones-brake-1024x667.webp 1024w, https:\/\/americanblack.com\/wp-content\/uploads\/2024\/12\/Certificaciones-brake-768x500.webp 768w, https:\/\/americanblack.com\/wp-content\/uploads\/2024\/12\/Certificaciones-brake-1536x1000.webp 1536w, https:\/\/americanblack.com\/wp-content\/uploads\/2024\/12\/Certificaciones-brake-18x12.webp 18w\" sizes=\"auto, (max-width: 1920px) 100vw, 1920px\" \/><\/div>\r\n\t\t<\/div>\r\n\t<\/div>\r\n<\/div><\/div><\/div><\/div><\/div><\/div><\/div>\n<\/div>","protected":false},"excerpt":{"rendered":"American Brake is a product line where the quality and price go hand in hand. We offer a product manufactured under strict standards of quality that is certified internationally, giving you the quality and safety you're looking for in a product without having to pay a big amount for it. Positive Mold Technology: Extreme pressure [...]","protected":false},"author":1,"featured_media":0,"parent":0,"menu_order":0,"comment_status":"closed","ping_status":"closed","template":"","meta":{"_monsterinsights_skip_tracking":false,"_monsterinsights_sitenote_active":false,"_monsterinsights_sitenote_note":"","_monsterinsights_sitenote_category":0,"footnotes":""},"class_list":["post-50","page","type-page","status-publish","hentry"],"yoast_head":"<!-- This site is optimized with the Yoast SEO plugin v27.4 - https:\/\/yoast.com\/product\/yoast-seo-wordpress\/ -->\n<title>American Brake - American Black Brake Parts<\/title>\n<meta name=\"robots\" content=\"index, follow, max-snippet:-1, max-image-preview:large, max-video-preview:-1\" \/>\n<link rel=\"canonical\" href=\"https:\/\/americanblack.com\/es\/american-brake\/\" \/>\n<meta property=\"og:locale\" content=\"es_MX\" \/>\n<meta property=\"og:type\" content=\"article\" \/>\n<meta property=\"og:title\" content=\"American Brake - American Black Brake Parts\" \/>\n<meta property=\"og:url\" content=\"https:\/\/americanblack.com\/es\/american-brake\/\" \/>\n<meta property=\"og:site_name\" content=\"American Black Brake Parts\" \/>\n<meta property=\"article:modified_time\" content=\"2025-07-03T13:28:15+00:00\" \/>\n<meta name=\"twitter:card\" content=\"summary_large_image\" \/>\n<meta name=\"twitter:label1\" content=\"Tiempo de lectura\" \/>\n\t<meta name=\"twitter:data1\" content=\"1 minuto\" \/>\n<script type=\"application\/ld+json\" class=\"yoast-schema-graph\">{\"@context\":\"https:\\\/\\\/schema.org\",\"@graph\":[{\"@type\":\"Article\",\"@id\":\"https:\\\/\\\/americanblack.com\\\/american-brake\\\/#article\",\"isPartOf\":{\"@id\":\"https:\\\/\\\/americanblack.com\\\/american-brake\\\/\"},\"author\":{\"name\":\"SISTEMAS\",\"@id\":\"https:\\\/\\\/americanblack.com\\\/es\\\/#\\\/schema\\\/person\\\/1cea1acec00a258ccb334363ed992d56\"},\"headline\":\"American Brake\",\"datePublished\":\"2024-12-18T14:37:10+00:00\",\"dateModified\":\"2025-07-03T13:28:15+00:00\",\"mainEntityOfPage\":{\"@id\":\"https:\\\/\\\/americanblack.com\\\/american-brake\\\/\"},\"wordCount\":207,\"inLanguage\":\"es\"},{\"@type\":\"WebPage\",\"@id\":\"https:\\\/\\\/americanblack.com\\\/american-brake\\\/\",\"url\":\"https:\\\/\\\/americanblack.com\\\/american-brake\\\/\",\"name\":\"American Brake - American Black Brake Parts\",\"isPartOf\":{\"@id\":\"https:\\\/\\\/americanblack.com\\\/es\\\/#website\"},\"datePublished\":\"2024-12-18T14:37:10+00:00\",\"dateModified\":\"2025-07-03T13:28:15+00:00\",\"breadcrumb\":{\"@id\":\"https:\\\/\\\/americanblack.com\\\/american-brake\\\/#breadcrumb\"},\"inLanguage\":\"es\",\"potentialAction\":[{\"@type\":\"ReadAction\",\"target\":[\"https:\\\/\\\/americanblack.com\\\/american-brake\\\/\"]}]},{\"@type\":\"BreadcrumbList\",\"@id\":\"https:\\\/\\\/americanblack.com\\\/american-brake\\\/#breadcrumb\",\"itemListElement\":[{\"@type\":\"ListItem\",\"position\":1,\"name\":\"Home\",\"item\":\"https:\\\/\\\/americanblack.com\\\/es\\\/\"},{\"@type\":\"ListItem\",\"position\":2,\"name\":\"American Brake\"}]},{\"@type\":\"WebSite\",\"@id\":\"https:\\\/\\\/americanblack.com\\\/es\\\/#website\",\"url\":\"https:\\\/\\\/americanblack.com\\\/es\\\/\",\"name\":\"American Black Brake Parts\",\"description\":\"Premium Brake Parts\",\"potentialAction\":[{\"@type\":\"SearchAction\",\"target\":{\"@type\":\"EntryPoint\",\"urlTemplate\":\"https:\\\/\\\/americanblack.com\\\/es\\\/?s={search_term_string}\"},\"query-input\":{\"@type\":\"PropertyValueSpecification\",\"valueRequired\":true,\"valueName\":\"search_term_string\"}}],\"inLanguage\":\"es\"},{\"@type\":\"Person\",\"@id\":\"https:\\\/\\\/americanblack.com\\\/es\\\/#\\\/schema\\\/person\\\/1cea1acec00a258ccb334363ed992d56\",\"name\":\"SISTEMAS\",\"url\":\"https:\\\/\\\/americanblack.com\\\/es\\\/author\\\/sistemas\\\/\"}]}<\/script>\n<!-- \/ Yoast SEO plugin. -->","yoast_head_json":{"title":"American Brake - American Black Brake Parts","robots":{"index":"index","follow":"follow","max-snippet":"max-snippet:-1","max-image-preview":"max-image-preview:large","max-video-preview":"max-video-preview:-1"},"canonical":"https:\/\/americanblack.com\/es\/american-brake\/","og_locale":"es_MX","og_type":"article","og_title":"American Brake - American Black Brake Parts","og_url":"https:\/\/americanblack.com\/es\/american-brake\/","og_site_name":"American Black Brake Parts","article_modified_time":"2025-07-03T13:28:15+00:00","twitter_card":"summary_large_image","twitter_misc":{"Tiempo de lectura":"1 minuto"},"schema":{"@context":"https:\/\/schema.org","@graph":[{"@type":"Article","@id":"https:\/\/americanblack.com\/american-brake\/#article","isPartOf":{"@id":"https:\/\/americanblack.com\/american-brake\/"},"author":{"name":"SISTEMAS","@id":"https:\/\/americanblack.com\/es\/#\/schema\/person\/1cea1acec00a258ccb334363ed992d56"},"headline":"American Brake","datePublished":"2024-12-18T14:37:10+00:00","dateModified":"2025-07-03T13:28:15+00:00","mainEntityOfPage":{"@id":"https:\/\/americanblack.com\/american-brake\/"},"wordCount":207,"inLanguage":"es"},{"@type":"WebPage","@id":"https:\/\/americanblack.com\/american-brake\/","url":"https:\/\/americanblack.com\/american-brake\/","name":"American Brake - American Black Brake Parts","isPartOf":{"@id":"https:\/\/americanblack.com\/es\/#website"},"datePublished":"2024-12-18T14:37:10+00:00","dateModified":"2025-07-03T13:28:15+00:00","breadcrumb":{"@id":"https:\/\/americanblack.com\/american-brake\/#breadcrumb"},"inLanguage":"es","potentialAction":[{"@type":"ReadAction","target":["https:\/\/americanblack.com\/american-brake\/"]}]},{"@type":"BreadcrumbList","@id":"https:\/\/americanblack.com\/american-brake\/#breadcrumb","itemListElement":[{"@type":"ListItem","position":1,"name":"Home","item":"https:\/\/americanblack.com\/es\/"},{"@type":"ListItem","position":2,"name":"American Brake"}]},{"@type":"WebSite","@id":"https:\/\/americanblack.com\/es\/#website","url":"https:\/\/americanblack.com\/es\/","name":"American Black Brake Parts","description":"Premium Brake Parts","potentialAction":[{"@type":"SearchAction","target":{"@type":"EntryPoint","urlTemplate":"https:\/\/americanblack.com\/es\/?s={search_term_string}"},"query-input":{"@type":"PropertyValueSpecification","valueRequired":true,"valueName":"search_term_string"}}],"inLanguage":"es"},{"@type":"Person","@id":"https:\/\/americanblack.com\/es\/#\/schema\/person\/1cea1acec00a258ccb334363ed992d56","name":"SISTEMAS","url":"https:\/\/americanblack.com\/es\/author\/sistemas\/"}]}},"_links":{"self":[{"href":"https:\/\/americanblack.com\/es\/wp-json\/wp\/v2\/pages\/50","targetHints":{"allow":["GET"]}}],"collection":[{"href":"https:\/\/americanblack.com\/es\/wp-json\/wp\/v2\/pages"}],"about":[{"href":"https:\/\/americanblack.com\/es\/wp-json\/wp\/v2\/types\/page"}],"author":[{"embeddable":true,"href":"https:\/\/americanblack.com\/es\/wp-json\/wp\/v2\/users\/1"}],"replies":[{"embeddable":true,"href":"https:\/\/americanblack.com\/es\/wp-json\/wp\/v2\/comments?post=50"}],"version-history":[{"count":9,"href":"https:\/\/americanblack.com\/es\/wp-json\/wp\/v2\/pages\/50\/revisions"}],"predecessor-version":[{"id":22608,"href":"https:\/\/americanblack.com\/es\/wp-json\/wp\/v2\/pages\/50\/revisions\/22608"}],"wp:attachment":[{"href":"https:\/\/americanblack.com\/es\/wp-json\/wp\/v2\/media?parent=50"}],"curies":[{"name":"wp","href":"https:\/\/api.w.org\/{rel}","templated":true}]}}